{"id":984,"date":"2018-08-31T12:12:26","date_gmt":"2018-08-31T12:12:26","guid":{"rendered":"http:\/\/offcenit.no:9009\/?page_id=984"},"modified":"2019-09-06T09:12:39","modified_gmt":"2019-09-06T09:12:39","slug":"aktiviteter","status":"publish","type":"page","link":"https:\/\/www.merkeslia.no\/index.php\/aktiviteter\/","title":{"rendered":"Aktiviteter"},"content":{"rendered":"<p>[et_pb_section fb_built=&#8221;1&#8243; _builder_version=&#8221;3.0.105&#8243;][et_pb_row use_custom_width=&#8221;on&#8221; width_unit=&#8221;off&#8221; custom_width_percent=&#8221;100%&#8221; custom_padding=&#8221;27px|0px|0px|0px&#8221; module_id=&#8221;arstidoverskrift&#8221; _builder_version=&#8221;3.0.105&#8243; module_alignment=&#8221;center&#8221; custom_css_main_element=&#8221;background-color:unset;||box-shadow:unset;&#8221;][et_pb_column type=&#8221;4_4&#8243; _builder_version=&#8221;3.0.105&#8243; parallax=&#8221;off&#8221; parallax_method=&#8221;on&#8221;][et_pb_text module_class=&#8221;seksjonsoverskrift&#8221; _builder_version=&#8221;3.0.105&#8243; module_alignment=&#8221;center&#8221;]<\/p>\n<h2 class=\"h2-pynt\" style=\"text-align: center;\">Naboer \u00e5 bli glad i!<\/h2>\n<p><span style=\"font-size: 14.5pt;\">\u00a0 \u00a0 Hvilke opplevelser vil du helst fylle hyttelivet ditt med? Skulle du\u00a0 \u00a0trenge et avbrekk fra peiskos og brettspill, solveggen og sn\u00f8ballkrig s\u00e5 har Merkeslia et nabolag spekket med fjelleventyr for b\u00e5de sm\u00e5 og store. Her er noen av v\u00e5re favoritter i nabolaget!<\/span><br \/> <span style=\"font-size: 14.5pt;\"><\/span><br \/> <span style=\"font-size: 14.5pt;\"><\/span><\/p>\n<p>[\/et_pb_text][\/et_pb_column][\/et_pb_row][\/et_pb_section][et_pb_section fb_built=&#8221;1&#8243; disabled_on=&#8221;off|off|off&#8221; module_id=&#8221;desktopseksjon&#8221; _builder_version=&#8221;3.0.105&#8243; custom_padding=&#8221;0px|0px|0px|0px&#8221;][et_pb_row custom_padding=&#8221;0px|0px|0px|0px&#8221; custom_margin=&#8221;||30px|&#8221; background_color=&#8221;#ffffff&#8221; module_class_2=&#8221;side-col&#8221; custom_css_main_1=&#8221;margin-right:0px !important;&#8221; _builder_version=&#8221;3.0.105&#8243;][et_pb_column type=&#8221;1_2&#8243; _builder_version=&#8221;3.0.105&#8243; parallax=&#8221;off&#8221; parallax_method=&#8221;on&#8221; custom_css_main=&#8221;margin-right:0px !important;&#8221;][et_pb_image src=&#8221;\/wp-content\/uploads\/2018\/07\/DJI_0012S.jpg&#8221; show_in_lightbox=&#8221;on&#8221; _builder_version=&#8221;3.0.105&#8243;][\/et_pb_image][\/et_pb_column][et_pb_column type=&#8221;1_2&#8243; _builder_version=&#8221;3.0.105&#8243; parallax=&#8221;off&#8221; parallax_method=&#8221;on&#8221; module_class=&#8221;side-col&#8221;][et_pb_text module_class=&#8221;side-text&#8221; _builder_version=&#8221;3.0.105&#8243;]<\/p>\n<h3>Merket &#8211; aktiv og allsidig<\/h3>\n<p class=\"framside-halv-p\" style=\"text-align: left;\"><span>Feriestedet Merket ligger like nedstr\u00f8ms fra Merkeslia langs Tisleia. Merket tilbyr aktiviteter, overnatting og matservering hele \u00e5ret.<\/span><\/p>\n<p class=\"framside-halv-p\" style=\"text-align: left;\"><span>Vinterstid har Merket b\u00e5de akebakke med heis, tubetrekking etter sn\u00f8scooter og selvsagt flotte langrennsl\u00f8yper. <\/span><\/p>\n<p class=\"framside-halv-p\" style=\"text-align: left;\"><span>P\u00e5 sommeren byr klatret\u00e5rn, bowling, stisykling og gjerne elvepadling i det fascinerende elveoset til b\u00e5de strandhugg og fjelleventyr.<\/span><\/p>\n<p class=\"framside-halv-p\" style=\"text-align: left;\"><span><strong>Selv en ber\u00f8mt vikingleir finner du her!<\/strong><\/span><\/p>\n<p>[\/et_pb_text][\/et_pb_column][\/et_pb_row][et_pb_row custom_padding=&#8221;0px|0px|0px|0px&#8221; custom_margin=&#8221;||30px|&#8221; background_color=&#8221;#ffffff&#8221; module_class_1=&#8221;side-col&#8221; _builder_version=&#8221;3.0.105&#8243;][et_pb_column type=&#8221;1_2&#8243; _builder_version=&#8221;3.0.105&#8243; parallax=&#8221;off&#8221; parallax_method=&#8221;on&#8221; module_class=&#8221;side-col&#8221;][et_pb_text module_class=&#8221;side-text&#8221; _builder_version=&#8221;3.0.105&#8243;]<\/p>\n<h3><\/h3>\n<h3>Joker fjellbu &#8211; kortreist kvalitet<\/h3>\n<p class=\"centerify milk t4 lightbox__caption framside-halv-p\" aria-live=\"polite\" style=\"text-align: left;\">\n<p class=\"centerify milk t4 lightbox__caption framside-halv-p\" aria-live=\"polite\" style=\"text-align: left;\">Rett over elva Tisleia fra Merkeslia finner du Joker Fjellbu. Den sv\u00e6rt popul\u00e6re landhandelen tilbyr et bredt utvalg av dagligvarer og kvalitetsprodukter fra flere lokale produsenter, og dessuten apotekvarer og tipping, verkt\u00f8y og bekledning, leker og spill. Kort sagt det meste du m\u00e5tte \u00f8nske eller trenge i trivelig g\u00e5avstand fra hytta.<strong> <\/strong><\/p>\n<p class=\"centerify milk t4 lightbox__caption framside-halv-p\" aria-live=\"polite\" style=\"text-align: left;\"><strong>Velkommen innom p\u00e5 oppdagelsestur!<\/strong><\/p>\n<p>[\/et_pb_text][\/et_pb_column][et_pb_column type=&#8221;1_2&#8243; _builder_version=&#8221;3.0.105&#8243; parallax=&#8221;off&#8221; parallax_method=&#8221;on&#8221;][et_pb_image src=&#8221;\/wp-content\/uploads\/2018\/07\/860181907-1024&#215;767.jpg&#8221; show_in_lightbox=&#8221;on&#8221; _builder_version=&#8221;3.0.105&#8243; custom_margin=&#8221;||0px|&#8221;][\/et_pb_image][\/et_pb_column][\/et_pb_row][et_pb_row custom_padding=&#8221;0px|0px|0px|0px&#8221; custom_margin=&#8221;||30px|&#8221; background_color=&#8221;#ffffff&#8221; module_class_2=&#8221;side-col&#8221; custom_css_main_1=&#8221;margin-right:0px !important;&#8221; _builder_version=&#8221;3.0.105&#8243;][et_pb_column type=&#8221;1_2&#8243; _builder_version=&#8221;3.0.105&#8243; parallax=&#8221;off&#8221; parallax_method=&#8221;on&#8221; custom_css_main=&#8221;margin-right:0px !important;&#8221;][et_pb_image src=&#8221;\/wp-content\/uploads\/2018\/08\/IB.jpeg&#8221; show_in_lightbox=&#8221;on&#8221; _builder_version=&#8221;3.0.105&#8243;][\/et_pb_image][\/et_pb_column][et_pb_column type=&#8221;1_2&#8243; _builder_version=&#8221;3.0.105&#8243; parallax=&#8221;off&#8221; parallax_method=&#8221;on&#8221; module_class=&#8221;side-col&#8221;][et_pb_text module_class=&#8221;side-text&#8221; _builder_version=&#8221;3.0.105&#8243;]<\/p>\n<h3>Fjellheim for alle<\/h3>\n<p class=\"framside-halv-p\" style=\"text-align: left;\"><span><\/span><\/p>\n<p class=\"framside-halv-p\" style=\"text-align: left;\">Pardisfjorden, fjellet Makalaus og sykkelruta Mj\u00f8lkevegen gjennom St\u00f8lsheimen: Navnefloraen rundt Merkeslia er i seg selv sm\u00e5 fjelleventyr &#8211; og tar du beina fatt er vegen kort til store naturopplevelser for alle aldre. V\u00e5r favoritt er kanskje Jygerlaugitn, en serie store jettegryter omgitt av m\u00f8rke fjellsider.<\/p>\n<p class=\"framside-halv-p\" style=\"text-align: left;\"><strong>T\u00f8r du ta fjellturen dit?<\/strong><\/p>\n<p class=\"framside-halv-p\" style=\"text-align: left;\">\n<p>[\/et_pb_text][\/et_pb_column][\/et_pb_row][et_pb_row custom_padding=&#8221;0px|0px|6px|0px&#8221; custom_margin=&#8221;|||&#8221; background_color=&#8221;#ffffff&#8221; module_class_1=&#8221;side-col&#8221; module_id=&#8221;siste-rad&#8221; _builder_version=&#8221;3.0.105&#8243; custom_css_main_element=&#8221;margin-bottom:40px !important; &#8220;][et_pb_column type=&#8221;1_2&#8243; _builder_version=&#8221;3.0.105&#8243; parallax=&#8221;off&#8221; parallax_method=&#8221;on&#8221; module_class=&#8221;side-col&#8221;][et_pb_text module_class=&#8221;side-text&#8221; _builder_version=&#8221;3.0.105&#8243; custom_css_main_element=&#8221;padding-bottom: 40px !important;&#8221;]<\/p>\n<h3>Langrennsl\u00f8yper for livet\u00a0<\/h3>\n<p class=\"centerify milk t4 lightbox__caption framside-halv-p\" aria-live=\"polite\" style=\"text-align: left;\">Storsl\u00e5tt og lettg\u00e5tt er Golsfjellet en dr\u00f8m for langrennsl\u00f8pere i alle aldre. 250 kilometer preparerte og godt skiltede turl\u00f8yper passerer rett forbi hytted\u00f8ra di i Merkeslia.<\/p>\n<p class=\"centerify milk t4 lightbox__caption framside-halv-p\" aria-live=\"polite\" style=\"text-align: left;\"><strong>Vil du toppe sesongen med v\u00e5rskitur, lokker Jotunheimen i synsranden.<\/strong><\/p>\n<p>[\/et_pb_text][\/et_pb_column][et_pb_column type=&#8221;1_2&#8243; _builder_version=&#8221;3.0.105&#8243; parallax=&#8221;off&#8221; parallax_method=&#8221;on&#8221;][et_pb_image src=&#8221;\/wp-content\/uploads\/2018\/08\/Oset-Vinter.jpg&#8221; show_in_lightbox=&#8221;on&#8221; show_bottom_space=&#8221;off&#8221; force_fullwidth=&#8221;on&#8221; _builder_version=&#8221;3.0.105&#8243; custom_margin=&#8221;|||&#8221; custom_padding=&#8221;|||&#8221;][\/et_pb_image][\/et_pb_column][\/et_pb_row][et_pb_row custom_padding=&#8221;0px|0px|0px|0px&#8221; custom_margin=&#8221;||30px|&#8221; background_color=&#8221;#ffffff&#8221; module_class_2=&#8221;side-col&#8221; custom_css_main_1=&#8221;margin-right:0px !important;&#8221; _builder_version=&#8221;3.0.105&#8243;][et_pb_column type=&#8221;1_2&#8243; _builder_version=&#8221;3.0.105&#8243; parallax=&#8221;off&#8221; parallax_method=&#8221;on&#8221; custom_css_main=&#8221;margin-right:0px !important;&#8221;][et_pb_image src=&#8221;\/wp-content\/uploads\/2018\/08\/1512637030-2cf87e0d89807186063773352a617c8e.jpg&#8221; show_in_lightbox=&#8221;on&#8221; _builder_version=&#8221;3.0.105&#8243;][\/et_pb_image][\/et_pb_column][et_pb_column type=&#8221;1_2&#8243; _builder_version=&#8221;3.0.105&#8243; parallax=&#8221;off&#8221; parallax_method=&#8221;on&#8221; module_class=&#8221;side-col&#8221;][et_pb_text module_class=&#8221;side-text&#8221; _builder_version=&#8221;3.0.105&#8243;]<\/p>\n<h3>Alpint i alle himmelretninger<\/h3>\n<p class=\"framside-halv-p\" style=\"text-align: left;\"><span><\/span><\/p>\n<p class=\"framside-halv-p\" style=\"text-align: left;\"><span>Sn\u00f8sikre vintre, flott klima og kort kj\u00f8reavstand gj\u00f8r Golsfjellet og Valdres til popul\u00e6re lekeplasser for alle som er glade i ski og alpin. Fra Merkeslia har du hele fire familievennlige alpinanlegg i n\u00e6romr\u00e5det: <\/span><\/p>\n<p class=\"framside-halv-p\" style=\"text-align: left;\"><span><strong>Storefjell, Golsfjellet, Valdres og Skagah\u00f8gdi<\/strong><\/span><strong> \u2013 og storebror Hemsedal kun 45 min unna i bil.<\/strong>\u00a0<\/p>\n<p class=\"framside-halv-p\" style=\"text-align: left;\">\n<p>[\/et_pb_text][\/et_pb_column][\/et_pb_row][et_pb_row custom_padding=&#8221;0px|0px|6px|0px&#8221; custom_margin=&#8221;|||&#8221; background_color=&#8221;#ffffff&#8221; module_class_1=&#8221;side-col&#8221; module_id=&#8221;siste-rad&#8221; _builder_version=&#8221;3.0.105&#8243; custom_css_main_element=&#8221;margin-bottom:40px !important; &#8220;][et_pb_column type=&#8221;1_2&#8243; _builder_version=&#8221;3.0.105&#8243; parallax=&#8221;off&#8221; parallax_method=&#8221;on&#8221; module_class=&#8221;side-col&#8221;][et_pb_text module_class=&#8221;side-text&#8221; _builder_version=&#8221;3.0.105&#8243; custom_css_main_element=&#8221;padding-bottom: 40px !important;&#8221;]<\/p>\n<h3>\u00d8rreteldoradoet Tisleia<\/h3>\n<p class=\"centerify milk t4 lightbox__caption framside-halv-p\" aria-live=\"polite\" style=\"text-align: left;\">Like nedenfor Merkeslia renner den vidgjetne og vakre \u00f8rretelva Tisleia. Vekslingen mellom\u00a0<span>stryk og stilleflytende partier er med p\u00e5 \u00e5 gi mange gode fiskeplasser. Rett nedenfor Merkeslia er det etablert en egen fluefiskesone der grov \u00f8rret blir tatt hver sommer. <\/span><\/p>\n<p class=\"centerify milk t4 lightbox__caption framside-halv-p\" aria-live=\"polite\" style=\"text-align: left;\"><strong>Foretrekker du heller kano eller badebukse er det bare \u00e5 ta deg vann over hodet!<\/strong><\/p>\n<p>[\/et_pb_text][\/et_pb_column][et_pb_column type=&#8221;1_2&#8243; _builder_version=&#8221;3.0.105&#8243; parallax=&#8221;off&#8221; parallax_method=&#8221;on&#8221;][et_pb_image src=&#8221;\/wp-content\/uploads\/2018\/07\/Tisleia-Fiske.jpg&#8221; show_in_lightbox=&#8221;on&#8221; show_bottom_space=&#8221;off&#8221; force_fullwidth=&#8221;on&#8221; _builder_version=&#8221;3.0.105&#8243; custom_margin=&#8221;|||&#8221; custom_padding=&#8221;|||&#8221;][\/et_pb_image][\/et_pb_column][\/et_pb_row][et_pb_row custom_padding=&#8221;0px|0px|0px|0px&#8221; custom_margin=&#8221;||30px|&#8221; background_color=&#8221;#ffffff&#8221; module_class_2=&#8221;side-col&#8221; custom_css_main_1=&#8221;margin-right:0px !important;&#8221; _builder_version=&#8221;3.0.105&#8243;][et_pb_column type=&#8221;1_2&#8243; _builder_version=&#8221;3.0.105&#8243; parallax=&#8221;off&#8221; parallax_method=&#8221;on&#8221; custom_css_main=&#8221;margin-right:0px !important;&#8221;][et_pb_image src=&#8221;\/wp-content\/uploads\/2018\/08\/Design-uten-navn-2.png&#8221; show_in_lightbox=&#8221;on&#8221; _builder_version=&#8221;3.0.105&#8243;][\/et_pb_image][\/et_pb_column][et_pb_column type=&#8221;1_2&#8243; _builder_version=&#8221;3.0.105&#8243; parallax=&#8221;off&#8221; parallax_method=&#8221;on&#8221; module_class=&#8221;side-col&#8221;][et_pb_text module_class=&#8221;side-text&#8221; _builder_version=&#8221;3.0.105&#8243;]<\/p>\n<h3>Valdres Golf<\/h3>\n<p class=\"framside-halv-p\" style=\"text-align: left;\"><span><\/span><\/p>\n<p class=\"framside-halv-p\" style=\"text-align: left;\"><span>Denne naturperlen av en golfbane ligger vakkert til i vannkanten ved Aurdalsvannet rett nede i dalen fra Merkeslia. Golfbanen \u2013 som er en av Norges vakreste \u2013<b>\u00a0<\/b>er designet av banearkitekt Jeremy Turner, er seks kilometer\u00a0 lang, har par 72 og byr p\u00e5 sv\u00e6rt varierte utfordringer.\u00a0<\/span><\/p>\n<p class=\"framside-halv-p\" style=\"text-align: left;\"><strong style=\"font-size: 14.5pt;\">Vann er i spill p\u00e5 hele seks av hullene!<\/strong><\/p>\n<p class=\"framside-halv-p\" style=\"text-align: left;\">\u00d8nsker du variasjon s\u00e5 finner du ogs\u00e5 flott golfbane i Hallingdal rett over Golsfjellet.<\/p>\n<p>[\/et_pb_text][\/et_pb_column][\/et_pb_row][et_pb_row custom_padding=&#8221;0px|0px|6px|0px&#8221; custom_margin=&#8221;|||&#8221; background_color=&#8221;#ffffff&#8221; module_class_1=&#8221;side-col&#8221; module_id=&#8221;siste-rad&#8221; _builder_version=&#8221;3.0.105&#8243; custom_css_main_element=&#8221;margin-bottom:40px !important; &#8220;][et_pb_column type=&#8221;1_2&#8243; _builder_version=&#8221;3.0.105&#8243; parallax=&#8221;off&#8221; parallax_method=&#8221;on&#8221; module_class=&#8221;side-col&#8221;][et_pb_text module_class=&#8221;side-text&#8221; _builder_version=&#8221;3.0.105&#8243; custom_css_main_element=&#8221;padding-bottom: 40px !important;&#8221;]<\/p>\n<h3>Mj\u00f8lkevegen\u00a0<\/h3>\n<p class=\"centerify milk t4 lightbox__caption framside-halv-p\" aria-live=\"polite\" style=\"text-align: left;\">250 kilometer lettr\u00e5kket og naturskj\u00f8nn fjellsykling fra seteridyll til seteridyll fra Hallingdal via Valdres til Gudbrandsdalen\u00a0\u2013 kjenn litt p\u00e5 den. Mj\u00f8lkevegen er skiltet i begge retninger og k\u00e5ret til en av Norges flotteste turer p\u00e5 sykkel.<\/p>\n<p class=\"centerify milk t4 lightbox__caption framside-halv-p\" aria-live=\"polite\" style=\"text-align: left;\"><strong>Er det endelig din sykkeltur?<\/strong><\/p>\n<p>[\/et_pb_text][\/et_pb_column][et_pb_column type=&#8221;1_2&#8243; _builder_version=&#8221;3.0.105&#8243; parallax=&#8221;off&#8221; parallax_method=&#8221;on&#8221;][et_pb_image src=&#8221;\/wp-content\/uploads\/2018\/07\/DSC_8000S.jpg&#8221; show_in_lightbox=&#8221;on&#8221; show_bottom_space=&#8221;off&#8221; force_fullwidth=&#8221;on&#8221; _builder_version=&#8221;3.0.105&#8243; custom_margin=&#8221;|||&#8221; custom_padding=&#8221;|||&#8221;][\/et_pb_image][\/et_pb_column][\/et_pb_row][\/et_pb_section]<\/p>\n","protected":false},"excerpt":{"rendered":"<p>Naboer \u00e5 bli glad i! \u00a0 \u00a0 Hvilke opplevelser vil du helst fylle hyttelivet ditt med? Skulle du\u00a0 \u00a0trenge et avbrekk fra peiskos og brettspill, solveggen og sn\u00f8ballkrig s\u00e5 har Merkeslia et nabolag spekket med fjelleventyr for b\u00e5de sm\u00e5 og store. Her er noen av v\u00e5re favoritter i nabolaget! Merket &#8211; aktiv og allsidig Feriestedet [&hellip;]<\/p>\n","protected":false},"author":2,"featured_media":0,"parent":0,"menu_order":0,"comment_status":"closed","ping_status":"closed","template":"","meta":{"_et_pb_use_builder":"on","_et_pb_old_content":"","_et_gb_content_width":"","footnotes":""},"class_list":["post-984","page","type-page","status-publish","hentry"],"yoast_head":"<!-- This site is optimized with the Yoast SEO plugin v27.1 - https:\/\/yoast.com\/product\/yoast-seo-wordpress\/ -->\n<title>Aktiviteter - Merkeslia<\/title>\n<meta name=\"robots\" content=\"index, follow, max-snippet:-1, max-image-preview:large, max-video-preview:-1\" \/>\n<link rel=\"canonical\" href=\"https:\/\/www.merkeslia.no\/index.php\/aktiviteter\/\" \/>\n<meta property=\"og:locale\" content=\"en_US\" \/>\n<meta property=\"og:type\" content=\"article\" \/>\n<meta property=\"og:title\" content=\"Aktiviteter - Merkeslia\" \/>\n<meta property=\"og:description\" content=\"Naboer \u00e5 bli glad i! \u00a0 \u00a0 Hvilke opplevelser vil du helst fylle hyttelivet ditt med? Skulle du\u00a0 \u00a0trenge et avbrekk fra peiskos og brettspill, solveggen og sn\u00f8ballkrig s\u00e5 har Merkeslia et nabolag spekket med fjelleventyr for b\u00e5de sm\u00e5 og store. Her er noen av v\u00e5re favoritter i nabolaget! Merket - aktiv og allsidig Feriestedet [&hellip;]\" \/>\n<meta property=\"og:url\" content=\"https:\/\/www.merkeslia.no\/index.php\/aktiviteter\/\" \/>\n<meta property=\"og:site_name\" content=\"Merkeslia\" \/>\n<meta property=\"article:publisher\" content=\"https:\/\/www.facebook.com\/merkeslia\/\" \/>\n<meta property=\"article:modified_time\" content=\"2019-09-06T09:12:39+00:00\" \/>\n<meta name=\"twitter:card\" content=\"summary_large_image\" \/>\n<meta name=\"twitter:label1\" content=\"Est. reading time\" \/>\n\t<meta name=\"twitter:data1\" content=\"7 minutes\" \/>\n<script type=\"application\/ld+json\" class=\"yoast-schema-graph\">{\"@context\":\"https:\/\/schema.org\",\"@graph\":[{\"@type\":\"WebPage\",\"@id\":\"https:\/\/www.merkeslia.no\/index.php\/aktiviteter\/\",\"url\":\"https:\/\/www.merkeslia.no\/index.php\/aktiviteter\/\",\"name\":\"Aktiviteter - Merkeslia\",\"isPartOf\":{\"@id\":\"https:\/\/www.merkeslia.no\/#website\"},\"datePublished\":\"2018-08-31T12:12:26+00:00\",\"dateModified\":\"2019-09-06T09:12:39+00:00\",\"breadcrumb\":{\"@id\":\"https:\/\/www.merkeslia.no\/index.php\/aktiviteter\/#breadcrumb\"},\"inLanguage\":\"en-US\",\"potentialAction\":[{\"@type\":\"ReadAction\",\"target\":[\"https:\/\/www.merkeslia.no\/index.php\/aktiviteter\/\"]}]},{\"@type\":\"BreadcrumbList\",\"@id\":\"https:\/\/www.merkeslia.no\/index.php\/aktiviteter\/#breadcrumb\",\"itemListElement\":[{\"@type\":\"ListItem\",\"position\":1,\"name\":\"Home\",\"item\":\"https:\/\/www.merkeslia.no\/\"},{\"@type\":\"ListItem\",\"position\":2,\"name\":\"Aktiviteter\"}]},{\"@type\":\"WebSite\",\"@id\":\"https:\/\/www.merkeslia.no\/#website\",\"url\":\"https:\/\/www.merkeslia.no\/\",\"name\":\"Merkeslia\",\"description\":\"Makel\u00f8se Merkeslia\",\"potentialAction\":[{\"@type\":\"SearchAction\",\"target\":{\"@type\":\"EntryPoint\",\"urlTemplate\":\"https:\/\/www.merkeslia.no\/?s={search_term_string}\"},\"query-input\":{\"@type\":\"PropertyValueSpecification\",\"valueRequired\":true,\"valueName\":\"search_term_string\"}}],\"inLanguage\":\"en-US\"}]}<\/script>\n<!-- \/ Yoast SEO plugin. -->","yoast_head_json":{"title":"Aktiviteter - Merkeslia","robots":{"index":"index","follow":"follow","max-snippet":"max-snippet:-1","max-image-preview":"max-image-preview:large","max-video-preview":"max-video-preview:-1"},"canonical":"https:\/\/www.merkeslia.no\/index.php\/aktiviteter\/","og_locale":"en_US","og_type":"article","og_title":"Aktiviteter - Merkeslia","og_description":"Naboer \u00e5 bli glad i! \u00a0 \u00a0 Hvilke opplevelser vil du helst fylle hyttelivet ditt med? Skulle du\u00a0 \u00a0trenge et avbrekk fra peiskos og brettspill, solveggen og sn\u00f8ballkrig s\u00e5 har Merkeslia et nabolag spekket med fjelleventyr for b\u00e5de sm\u00e5 og store. Her er noen av v\u00e5re favoritter i nabolaget! Merket - aktiv og allsidig Feriestedet [&hellip;]","og_url":"https:\/\/www.merkeslia.no\/index.php\/aktiviteter\/","og_site_name":"Merkeslia","article_publisher":"https:\/\/www.facebook.com\/merkeslia\/","article_modified_time":"2019-09-06T09:12:39+00:00","twitter_card":"summary_large_image","twitter_misc":{"Est. reading time":"7 minutes"},"schema":{"@context":"https:\/\/schema.org","@graph":[{"@type":"WebPage","@id":"https:\/\/www.merkeslia.no\/index.php\/aktiviteter\/","url":"https:\/\/www.merkeslia.no\/index.php\/aktiviteter\/","name":"Aktiviteter - Merkeslia","isPartOf":{"@id":"https:\/\/www.merkeslia.no\/#website"},"datePublished":"2018-08-31T12:12:26+00:00","dateModified":"2019-09-06T09:12:39+00:00","breadcrumb":{"@id":"https:\/\/www.merkeslia.no\/index.php\/aktiviteter\/#breadcrumb"},"inLanguage":"en-US","potentialAction":[{"@type":"ReadAction","target":["https:\/\/www.merkeslia.no\/index.php\/aktiviteter\/"]}]},{"@type":"BreadcrumbList","@id":"https:\/\/www.merkeslia.no\/index.php\/aktiviteter\/#breadcrumb","itemListElement":[{"@type":"ListItem","position":1,"name":"Home","item":"https:\/\/www.merkeslia.no\/"},{"@type":"ListItem","position":2,"name":"Aktiviteter"}]},{"@type":"WebSite","@id":"https:\/\/www.merkeslia.no\/#website","url":"https:\/\/www.merkeslia.no\/","name":"Merkeslia","description":"Makel\u00f8se Merkeslia","potentialAction":[{"@type":"SearchAction","target":{"@type":"EntryPoint","urlTemplate":"https:\/\/www.merkeslia.no\/?s={search_term_string}"},"query-input":{"@type":"PropertyValueSpecification","valueRequired":true,"valueName":"search_term_string"}}],"inLanguage":"en-US"}]}},"_links":{"self":[{"href":"https:\/\/www.merkeslia.no\/index.php\/wp-json\/wp\/v2\/pages\/984","targetHints":{"allow":["GET"]}}],"collection":[{"href":"https:\/\/www.merkeslia.no\/index.php\/wp-json\/wp\/v2\/pages"}],"about":[{"href":"https:\/\/www.merkeslia.no\/index.php\/wp-json\/wp\/v2\/types\/page"}],"author":[{"embeddable":true,"href":"https:\/\/www.merkeslia.no\/index.php\/wp-json\/wp\/v2\/users\/2"}],"replies":[{"embeddable":true,"href":"https:\/\/www.merkeslia.no\/index.php\/wp-json\/wp\/v2\/comments?post=984"}],"version-history":[{"count":32,"href":"https:\/\/www.merkeslia.no\/index.php\/wp-json\/wp\/v2\/pages\/984\/revisions"}],"predecessor-version":[{"id":1434,"href":"https:\/\/www.merkeslia.no\/index.php\/wp-json\/wp\/v2\/pages\/984\/revisions\/1434"}],"wp:attachment":[{"href":"https:\/\/www.merkeslia.no\/index.php\/wp-json\/wp\/v2\/media?parent=984"}],"curies":[{"name":"wp","href":"https:\/\/api.w.org\/{rel}","templated":true}]}}