{"id":1213,"date":"2018-09-06T13:00:27","date_gmt":"2018-09-06T13:00:27","guid":{"rendered":"http:\/\/offcenit.no:9009\/?page_id=1213"},"modified":"2022-03-29T12:40:41","modified_gmt":"2022-03-29T12:40:41","slug":"haugenhytta","status":"publish","type":"page","link":"https:\/\/www.merkeslia.no\/index.php\/haugenhytta\/","title":{"rendered":"Haugenhytta"},"content":{"rendered":"<p>[et_pb_section fb_built=&#8221;1&#8243; admin_label=&#8221;section&#8221; _builder_version=&#8221;3.22&#8243; global_colors_info=&#8221;{}&#8221;][et_pb_row admin_label=&#8221;row&#8221; _builder_version=&#8221;4.14.8&#8243; background_size=&#8221;initial&#8221; background_position=&#8221;top_left&#8221; background_repeat=&#8221;repeat&#8221; custom_padding=&#8221;0px|0px|27px|0px&#8221; hover_enabled=&#8221;0&#8243; global_colors_info=&#8221;{}&#8221; sticky_enabled=&#8221;0&#8243;][et_pb_column type=&#8221;4_4&#8243; _builder_version=&#8221;3.25&#8243; custom_padding=&#8221;|||&#8221; global_colors_info=&#8221;{}&#8221; custom_padding__hover=&#8221;|||&#8221;][et_pb_gallery gallery_ids=&#8221;1225,1226,1224,1223,1227&#8243; gallery_captions=&#8221;,,,,&#8221; fullwidth=&#8221;on&#8221; _builder_version=&#8221;3.0.105&#8243; global_colors_info=&#8221;{}&#8221;][\/et_pb_gallery][et_pb_text _builder_version=&#8221;3.27.4&#8243; global_colors_info=&#8221;{}&#8221;]<\/p>\n<h1>Haugenhytta<\/h1>\n<p><span><\/span><\/p>\n<p><span>Byggmester Kjell Ove Halvorsen fra Tisleidalen er mesteren bak denne innholdsrike og prisgunstige h\u00f8ystandardhytta.\u00a0<\/span><\/p>\n<p><span>Klikk p\u00e5 bildet ovenfor for flere bilder fra eksteri\u00f8r og inter\u00f8r samt plantegninger for Mikkelsenhytta.\u00a0<\/span><\/p>\n<p>[\/et_pb_text][\/et_pb_column][\/et_pb_row][\/et_pb_section]<\/p>\n","protected":false},"excerpt":{"rendered":"<p>Haugenhytta Byggmester Kjell Ove Halvorsen fra Tisleidalen er mesteren bak denne innholdsrike og prisgunstige h\u00f8ystandardhytta.\u00a0 Klikk p\u00e5 bildet ovenfor for flere bilder fra eksteri\u00f8r og inter\u00f8r samt plantegninger for Mikkelsenhytta.\u00a0<\/p>\n","protected":false},"author":1,"featured_media":0,"parent":0,"menu_order":0,"comment_status":"closed","ping_status":"closed","template":"","meta":{"_et_pb_use_builder":"on","_et_pb_old_content":"","_et_gb_content_width":"","footnotes":""},"class_list":["post-1213","page","type-page","status-publish","hentry"],"yoast_head":"<!-- This site is optimized with the Yoast SEO plugin v27.1 - https:\/\/yoast.com\/product\/yoast-seo-wordpress\/ -->\n<title>Haugenhytta - Merkeslia<\/title>\n<meta name=\"robots\" content=\"index, follow, max-snippet:-1, max-image-preview:large, max-video-preview:-1\" \/>\n<link rel=\"canonical\" href=\"https:\/\/www.merkeslia.no\/index.php\/haugenhytta\/\" \/>\n<meta property=\"og:locale\" content=\"en_US\" \/>\n<meta property=\"og:type\" content=\"article\" \/>\n<meta property=\"og:title\" content=\"Haugenhytta - Merkeslia\" \/>\n<meta property=\"og:description\" content=\"Haugenhytta Byggmester Kjell Ove Halvorsen fra Tisleidalen er mesteren bak denne innholdsrike og prisgunstige h\u00f8ystandardhytta.\u00a0 Klikk p\u00e5 bildet ovenfor for flere bilder fra eksteri\u00f8r og inter\u00f8r samt plantegninger for Mikkelsenhytta.\u00a0\" \/>\n<meta property=\"og:url\" content=\"https:\/\/www.merkeslia.no\/index.php\/haugenhytta\/\" \/>\n<meta property=\"og:site_name\" content=\"Merkeslia\" \/>\n<meta property=\"article:publisher\" content=\"https:\/\/www.facebook.com\/merkeslia\/\" \/>\n<meta property=\"article:modified_time\" content=\"2022-03-29T12:40:41+00:00\" \/>\n<meta name=\"twitter:card\" content=\"summary_large_image\" \/>\n<meta name=\"twitter:label1\" content=\"Est. reading time\" \/>\n\t<meta name=\"twitter:data1\" content=\"1 minute\" \/>\n<script type=\"application\/ld+json\" class=\"yoast-schema-graph\">{\"@context\":\"https:\/\/schema.org\",\"@graph\":[{\"@type\":\"WebPage\",\"@id\":\"https:\/\/www.merkeslia.no\/index.php\/haugenhytta\/\",\"url\":\"https:\/\/www.merkeslia.no\/index.php\/haugenhytta\/\",\"name\":\"Haugenhytta - Merkeslia\",\"isPartOf\":{\"@id\":\"https:\/\/www.merkeslia.no\/#website\"},\"datePublished\":\"2018-09-06T13:00:27+00:00\",\"dateModified\":\"2022-03-29T12:40:41+00:00\",\"breadcrumb\":{\"@id\":\"https:\/\/www.merkeslia.no\/index.php\/haugenhytta\/#breadcrumb\"},\"inLanguage\":\"en-US\",\"potentialAction\":[{\"@type\":\"ReadAction\",\"target\":[\"https:\/\/www.merkeslia.no\/index.php\/haugenhytta\/\"]}]},{\"@type\":\"BreadcrumbList\",\"@id\":\"https:\/\/www.merkeslia.no\/index.php\/haugenhytta\/#breadcrumb\",\"itemListElement\":[{\"@type\":\"ListItem\",\"position\":1,\"name\":\"Home\",\"item\":\"https:\/\/www.merkeslia.no\/\"},{\"@type\":\"ListItem\",\"position\":2,\"name\":\"Haugenhytta\"}]},{\"@type\":\"WebSite\",\"@id\":\"https:\/\/www.merkeslia.no\/#website\",\"url\":\"https:\/\/www.merkeslia.no\/\",\"name\":\"Merkeslia\",\"description\":\"Makel\u00f8se Merkeslia\",\"potentialAction\":[{\"@type\":\"SearchAction\",\"target\":{\"@type\":\"EntryPoint\",\"urlTemplate\":\"https:\/\/www.merkeslia.no\/?s={search_term_string}\"},\"query-input\":{\"@type\":\"PropertyValueSpecification\",\"valueRequired\":true,\"valueName\":\"search_term_string\"}}],\"inLanguage\":\"en-US\"}]}<\/script>\n<!-- \/ Yoast SEO plugin. -->","yoast_head_json":{"title":"Haugenhytta - Merkeslia","robots":{"index":"index","follow":"follow","max-snippet":"max-snippet:-1","max-image-preview":"max-image-preview:large","max-video-preview":"max-video-preview:-1"},"canonical":"https:\/\/www.merkeslia.no\/index.php\/haugenhytta\/","og_locale":"en_US","og_type":"article","og_title":"Haugenhytta - Merkeslia","og_description":"Haugenhytta Byggmester Kjell Ove Halvorsen fra Tisleidalen er mesteren bak denne innholdsrike og prisgunstige h\u00f8ystandardhytta.\u00a0 Klikk p\u00e5 bildet ovenfor for flere bilder fra eksteri\u00f8r og inter\u00f8r samt plantegninger for Mikkelsenhytta.\u00a0","og_url":"https:\/\/www.merkeslia.no\/index.php\/haugenhytta\/","og_site_name":"Merkeslia","article_publisher":"https:\/\/www.facebook.com\/merkeslia\/","article_modified_time":"2022-03-29T12:40:41+00:00","twitter_card":"summary_large_image","twitter_misc":{"Est. reading time":"1 minute"},"schema":{"@context":"https:\/\/schema.org","@graph":[{"@type":"WebPage","@id":"https:\/\/www.merkeslia.no\/index.php\/haugenhytta\/","url":"https:\/\/www.merkeslia.no\/index.php\/haugenhytta\/","name":"Haugenhytta - Merkeslia","isPartOf":{"@id":"https:\/\/www.merkeslia.no\/#website"},"datePublished":"2018-09-06T13:00:27+00:00","dateModified":"2022-03-29T12:40:41+00:00","breadcrumb":{"@id":"https:\/\/www.merkeslia.no\/index.php\/haugenhytta\/#breadcrumb"},"inLanguage":"en-US","potentialAction":[{"@type":"ReadAction","target":["https:\/\/www.merkeslia.no\/index.php\/haugenhytta\/"]}]},{"@type":"BreadcrumbList","@id":"https:\/\/www.merkeslia.no\/index.php\/haugenhytta\/#breadcrumb","itemListElement":[{"@type":"ListItem","position":1,"name":"Home","item":"https:\/\/www.merkeslia.no\/"},{"@type":"ListItem","position":2,"name":"Haugenhytta"}]},{"@type":"WebSite","@id":"https:\/\/www.merkeslia.no\/#website","url":"https:\/\/www.merkeslia.no\/","name":"Merkeslia","description":"Makel\u00f8se Merkeslia","potentialAction":[{"@type":"SearchAction","target":{"@type":"EntryPoint","urlTemplate":"https:\/\/www.merkeslia.no\/?s={search_term_string}"},"query-input":{"@type":"PropertyValueSpecification","valueRequired":true,"valueName":"search_term_string"}}],"inLanguage":"en-US"}]}},"_links":{"self":[{"href":"https:\/\/www.merkeslia.no\/index.php\/wp-json\/wp\/v2\/pages\/1213","targetHints":{"allow":["GET"]}}],"collection":[{"href":"https:\/\/www.merkeslia.no\/index.php\/wp-json\/wp\/v2\/pages"}],"about":[{"href":"https:\/\/www.merkeslia.no\/index.php\/wp-json\/wp\/v2\/types\/page"}],"author":[{"embeddable":true,"href":"https:\/\/www.merkeslia.no\/index.php\/wp-json\/wp\/v2\/users\/1"}],"replies":[{"embeddable":true,"href":"https:\/\/www.merkeslia.no\/index.php\/wp-json\/wp\/v2\/comments?post=1213"}],"version-history":[{"count":12,"href":"https:\/\/www.merkeslia.no\/index.php\/wp-json\/wp\/v2\/pages\/1213\/revisions"}],"predecessor-version":[{"id":1639,"href":"https:\/\/www.merkeslia.no\/index.php\/wp-json\/wp\/v2\/pages\/1213\/revisions\/1639"}],"wp:attachment":[{"href":"https:\/\/www.merkeslia.no\/index.php\/wp-json\/wp\/v2\/media?parent=1213"}],"curies":[{"name":"wp","href":"https:\/\/api.w.org\/{rel}","templated":true}]}}