{"id":107,"date":"2018-07-03T12:06:09","date_gmt":"2018-07-03T12:06:09","guid":{"rendered":"http:\/\/offcenit.no:9009\/?page_id=107"},"modified":"2020-09-28T10:13:47","modified_gmt":"2020-09-28T10:13:47","slug":"om-oss","status":"publish","type":"page","link":"https:\/\/www.merkeslia.no\/index.php\/om-oss\/","title":{"rendered":"Om oss"},"content":{"rendered":"<p>[et_pb_section fb_built=&#8221;1&#8243; _builder_version=&#8221;3.0.105&#8243; parallax=&#8221;on&#8221; custom_margin=&#8221;|||&#8221; custom_padding=&#8221;|0px||0px&#8221;][et_pb_row custom_padding=&#8221;0px|0px|0px|0px&#8221; module_id=&#8221;om-oss-overskrift&#8221; _builder_version=&#8221;3.0.105&#8243; custom_css_main_element=&#8221;background-color:transparent;||box-shadow:unset;&#8221;][et_pb_column type=&#8221;4_4&#8243; _builder_version=&#8221;3.0.105&#8243; parallax=&#8221;off&#8221; parallax_method=&#8221;on&#8221;][et_pb_text module_class=&#8221;seksjonsoverskrift&#8221; _builder_version=&#8221;3.0.105&#8243; text_font=&#8221;||||||||&#8221; custom_css_main_element=&#8221;color:white !important;&#8221;]<\/p>\n<h2 class=\"h2-pynt\">Her finner du<br \/>\nmakel\u00f8se Merkeslia <br \/>&#8211; og litt om oss<\/h2>\n<p>[\/et_pb_text][\/et_pb_column][\/et_pb_row][et_pb_row use_custom_width=&#8221;on&#8221; width_unit=&#8221;off&#8221; custom_width_percent=&#8221;90%&#8221; custom_padding=&#8221;|0px||0px&#8221; module_id=&#8221;veien-hit&#8221; _builder_version=&#8221;3.0.105&#8243;][et_pb_column type=&#8221;1_2&#8243; _builder_version=&#8221;3.0.105&#8243; parallax=&#8221;off&#8221; parallax_method=&#8221;on&#8221;][et_pb_text _builder_version=&#8221;3.0.105&#8243;]<\/p>\n<h3 style=\"text-align: left;\">Midt i fjelleventyret &#8211; kort vei fra byen<\/h3>\n<h4 style=\"text-align: left;\"><\/h4>\n<h4 style=\"text-align: left;\">Bor du sentralt p\u00e5 \u00d8stlandet er Merkeslia et av dine aller n\u00e6rmeste fjellomr\u00e5der &#8211; med kort vei videre til b\u00e5de Jotunheimen, Hallingdal og Hemsedal.\u00a0<\/h4>\n<p>Kommer du fra Oslo f\u00f8lger du E18 til Sandvika og inn p\u00e5 E16 i retning Fagernes. N\u00e5r du kommer til Leira like f\u00f8r Fagernes tar du av Fylkevei 51 i retning Gol.<\/p>\n<p>15 km etter at du svingte opp fra dalbunnen passerer du lanhandelen Joker Fjellbu og fortsetter videre ca 200 meter.<\/p>\n<p>Ta av til venstre ved skilting mot Merket og Bj\u00f8rkest\u00f8len Camping og kryss brua over Tisleia. 1,5 km tar du opp til h\u00f8yre ved skilttavlen for <strong>Merkeslia Hyttefelt.<\/strong> Tomtene er merket med nummerskilt.<\/p>\n<p><strong>Velkommen til Valdres!<\/strong><\/p>\n<p>[\/et_pb_text][\/et_pb_column][et_pb_column type=&#8221;1_2&#8243; _builder_version=&#8221;3.0.105&#8243; parallax=&#8221;off&#8221; parallax_method=&#8221;on&#8221;][et_pb_image src=&#8221;\/wp-content\/uploads\/2018\/07\/Avstandskart.png&#8221; show_in_lightbox=&#8221;on&#8221; _builder_version=&#8221;3.0.105&#8243;][\/et_pb_image][\/et_pb_column][\/et_pb_row][\/et_pb_section][et_pb_section fb_built=&#8221;1&#8243; module_id=&#8221;om-oss-bakgrunn&#8221; _builder_version=&#8221;3.0.105&#8243; parallax=&#8221;on&#8221; custom_margin=&#8221;|||&#8221; custom_padding=&#8221;|||&#8221;][et_pb_row custom_padding=&#8221;0px|0px|0px|0px&#8221; module_id=&#8221;byggherrene&#8221; module_class=&#8221;om-oss-overskrift&#8221; _builder_version=&#8221;3.0.105&#8243;][et_pb_column type=&#8221;4_4&#8243; _builder_version=&#8221;3.0.105&#8243; parallax=&#8221;off&#8221; parallax_method=&#8221;on&#8221;][et_pb_text module_class=&#8221;seksjonsoverskrift&#8221; _builder_version=&#8221;3.0.105&#8243; text_font=&#8221;||||||||&#8221; custom_css_main_element=&#8221;color:white !important;&#8221;]<\/p>\n<h1 class=\"h2-pynt\">Vi bygger<\/h1>\n<h1 class=\"h2-pynt\">hyttedr\u00f8mmen din\u00a0<\/h1>\n<h1 class=\"h2-pynt\"><b>\u2013og litt v\u00e5r egen<\/b><\/h1>\n<p>\u00a0<\/p>\n<p>[\/et_pb_text][\/et_pb_column][\/et_pb_row][et_pb_row custom_padding=&#8221;0px|0px|0px|0px&#8221; _builder_version=&#8221;3.0.105&#8243;][et_pb_column type=&#8221;1_2&#8243; _builder_version=&#8221;3.0.105&#8243; parallax=&#8221;off&#8221; parallax_method=&#8221;on&#8221;][et_pb_image src=&#8221;\/wp-content\/uploads\/2018\/07\/Ola-Skogen-portrett.jpg&#8221; show_in_lightbox=&#8221;on&#8221; _builder_version=&#8221;3.0.105&#8243;][\/et_pb_image][et_pb_text module_class=&#8221;om-oss-tekst&#8221; _builder_version=&#8221;3.0.105&#8243;]<\/p>\n<h3 style=\"text-align: center;\">Ola Skogen<\/h3>\n<p style=\"text-align: center;\"><strong><em>Entrepren\u00f8r\u00a0 \u00a0 \u00a0\u00a0<\/em><\/strong><\/p>\n<p><span>Maskinentrepren\u00f8r Ola Skogen fra V\u00e5g\u00e5 i Gudbrandsdalen kj\u00f8pte sin f\u00f8rste gravemaskin i 1983. Gjennom 30 \u00e5r har maskinparken \u00f8kt kraftig. Engasjementet for \u00e5 levere solid arbeid til rett tid, og samtidig vere ein milj\u00f8bevisst entrepren\u00f8r og hytteutvikler, er likevel n\u00f8yaktig det samme. At fjellkaren Ola, med Jotunheimen i nabolaget selv har valgt \u00e5 bygge seg privat hytte i Merkeslia, er et kvalitetstegn!<\/span><\/p>\n<p><a href=\"https:\/\/www.skogenentreprenor.no\/\"><strong>Her kan du bli bedre kjent med Ola og tomteentrepren\u00f8ren Skogen.<\/strong><\/a><\/p>\n<p>[\/et_pb_text][\/et_pb_column][et_pb_column type=&#8221;1_2&#8243; _builder_version=&#8221;3.0.105&#8243; parallax=&#8221;off&#8221; parallax_method=&#8221;on&#8221;][et_pb_image src=&#8221;\/wp-content\/uploads\/2018\/07\/Jan-Skogen-Portrett.jpg&#8221; show_in_lightbox=&#8221;on&#8221; _builder_version=&#8221;3.0.105&#8243;][\/et_pb_image][et_pb_text module_class=&#8221;om-oss-tekst&#8221; _builder_version=&#8221;3.0.105&#8243;]<\/p>\n<h3>Jan Skogen<\/h3>\n<p style=\"text-align: center;\"><strong><em>Utvikler\u00a0 \u00a0\u00a0<\/em><\/strong><\/p>\n<p>Oppvokst p\u00e5 Dokka, bosatt i Gudbrandsdalen og med familier\u00f8tter i Valdres er Jan Skogen pussig nok ikke i slekt med kompanjong Ola. Til gjengjeld er han en like entusiastisk og personlig engasjert hytteutvikler. Etter \u00e5 ha ferdigstilt det popul\u00e6re hyttefeltet Bergateigen noen f\u00e5 kilometer lenger vest p\u00e5 Golsfjellet, fikk Jan nylig mulighet til \u00e5 utvikle Merkeslia &#8211; og tok heldigvis m\u00e5l av seg til \u00e5 forl\u00f8se et makel\u00f8st hyttefelt.\u00a0<\/p>\n<p><strong>Se gjerne oppom og finn ut om Jan har lykkes!<\/strong><\/p>\n<p>[\/et_pb_text][\/et_pb_column][\/et_pb_row][\/et_pb_section][et_pb_section fb_built=&#8221;1&#8243; _builder_version=&#8221;3.0.105&#8243;][et_pb_row _builder_version=&#8221;3.0.105&#8243;][et_pb_column type=&#8221;4_4&#8243; _builder_version=&#8221;3.0.105&#8243; parallax=&#8221;off&#8221; parallax_method=&#8221;on&#8221;][et_pb_text module_class=&#8221;om-oss-tekst&#8221; _builder_version=&#8221;3.0.105&#8243;]<\/p>\n<h3>Kjell Ove Halvorsen<\/h3>\n<p style=\"text-align: center;\"><strong><em>Byggmester<\/em><\/strong><\/p>\n<p><span>I Merkeslia samarbeider vi tett og godt med lokale entrepren\u00f8rer, h\u00e5ndverkere og\u00a0<\/span><span>byggmestere\u00a0<\/span><span>\u2013 b\u00e5de fordi vi selv vil st\u00e5 inne for kvaliteten og for at du skal f\u00e5 akkurat den hytta du har \u00f8nsket deg. N\u00e5r den erfarne byggmesteren Kjell Ove Halvorsen svinger hammer og sag er det ingenting \u00e5 utsette verken p\u00e5 verken tempo eller kvalitet\u00a0\u2013 og s\u00e5 er det ekstra trivelig \u00e5 treffe snekkeren i skil\u00f8ypa n\u00e5r hyttedr\u00f8mmen st\u00e5r ferdig. St\u00f8rre Tisleidalen-entusiast skal du lete lenge etter!<\/span><\/p>\n<p>[\/et_pb_text][\/et_pb_column][\/et_pb_row][\/et_pb_section][et_pb_section fb_built=&#8221;1&#8243; _builder_version=&#8221;3.0.105&#8243; parallax=&#8221;on&#8221; custom_margin=&#8221;40px||40px|&#8221; custom_padding=&#8221;0px|0px|40px|0px&#8221;][et_pb_row custom_padding=&#8221;0px|0px|0px|0px&#8221; module_id=&#8221;megler&#8221; module_class=&#8221;om-oss-overskrift&#8221; _builder_version=&#8221;3.0.105&#8243; custom_css_main_element=&#8221;background-color:transparent;||box-shadow:unset;&#8221;][et_pb_column type=&#8221;4_4&#8243; _builder_version=&#8221;3.0.105&#8243; parallax=&#8221;off&#8221; parallax_method=&#8221;on&#8221;][et_pb_text module_class=&#8221;seksjonsoverskrift&#8221; _builder_version=&#8221;3.0.105&#8243; text_font=&#8221;||||||||&#8221; custom_css_main_element=&#8221;color:white !important;&#8221;]<\/p>\n<h1 class=\"h2-pynt\">\u00a0 \u00a0 \u00a0 \u00a0 Vil du ta en titt\u00a0 \u00a0 \u00a0 \u00a0 \u00a0 \u00a0 \u00a0 \u00a0 \u00a0 \u00a0p\u00e5 Merkeslia?<\/h1>\n<h3><span style=\"color: #000000;\">\u00a0 \u00a0 \u00a0 \u00a0 \u00a0 \u00a0 \u00a0 \u00a0 Oddny viser vei!<\/span><\/h3>\n<p>[\/et_pb_text][\/et_pb_column][\/et_pb_row][et_pb_row custom_padding=&#8221;0px|0px|0px|0px&#8221; custom_margin=&#8221;40px|||&#8221; module_class_1=&#8221;are-bilde&#8221; _builder_version=&#8221;3.0.105&#8243;][et_pb_column type=&#8221;1_3&#8243; _builder_version=&#8221;3.0.105&#8243; parallax=&#8221;off&#8221; parallax_method=&#8221;on&#8221; module_class=&#8221;are-bilde&#8221;][et_pb_image src=&#8221;https:\/\/www.merkeslia.no\/wp-content\/uploads\/2020\/09\/Oddny-portrett.jpg&#8221; show_in_lightbox=&#8221;on&#8221; _builder_version=&#8221;3.0.105&#8243;][\/et_pb_image][\/et_pb_column][et_pb_column type=&#8221;2_3&#8243; _builder_version=&#8221;3.0.105&#8243; parallax=&#8221;off&#8221; parallax_method=&#8221;on&#8221;][et_pb_text _builder_version=&#8221;3.0.105&#8243;]<\/p>\n<h3>Oddny Fystro &#8211; Aktiv Valdres<\/h3>\n<p><span><\/span><\/p>\n<p><span>Megler Oddny Fystro i Aktiv kjenner Golsfjellet og Valdres bedre enn de fleste, og har mange forn\u00f8yde kunder i dal og fjell. <\/span><span>Om du vil kj\u00f8pe hyttetomt for \u00e5 bygge selv, eller flytte inn i n\u00f8kkelferdig hytte i Merkeslia, kontakt Oddny for hjelp og gode r\u00e5d p\u00e5 veien!<\/span><\/p>\n<p><span>\u00a0 \u00a0 \u00a0 \u00a0 \u00a0 \u00a0 \u00a0 \u00a0 \u00a0 \u00a0<strong>Tlf: 909 99 481<\/strong>\u00a0 \u00a0 \u00a0 \u00a0 \u00a0 \u00a0 \u00a0 \u00a0<strong>E-post: of@aktiv.no<\/strong><\/span><\/p>\n<p>[\/et_pb_text][\/et_pb_column][\/et_pb_row][\/et_pb_section]<\/p>\n","protected":false},"excerpt":{"rendered":"<p>Her finner du makel\u00f8se Merkeslia &#8211; og litt om ossMidt i fjelleventyret &#8211; kort vei fra byen Bor du sentralt p\u00e5 \u00d8stlandet er Merkeslia et av dine aller n\u00e6rmeste fjellomr\u00e5der &#8211; med kort vei videre til b\u00e5de Jotunheimen, Hallingdal og Hemsedal.\u00a0 Kommer du fra Oslo f\u00f8lger du E18 til Sandvika og inn p\u00e5 E16 i [&hellip;]<\/p>\n","protected":false},"author":1,"featured_media":0,"parent":0,"menu_order":0,"comment_status":"closed","ping_status":"closed","template":"","meta":{"_et_pb_use_builder":"on","_et_pb_old_content":"","_et_gb_content_width":"","footnotes":""},"class_list":["post-107","page","type-page","status-publish","hentry"],"yoast_head":"<!-- This site is optimized with the Yoast SEO plugin v27.1 - https:\/\/yoast.com\/product\/yoast-seo-wordpress\/ -->\n<title>Om oss | Makel\u00f8se Merkeslia Hyttefelt i Valdres<\/title>\n<meta name=\"description\" content=\"Her finner du veien til Merkeslia, informasjon om oss bak hyttefeltet, og kontaktinformasjon.\" \/>\n<meta name=\"robots\" content=\"index, follow, max-snippet:-1, max-image-preview:large, max-video-preview:-1\" \/>\n<link rel=\"canonical\" href=\"https:\/\/www.merkeslia.no\/index.php\/om-oss\/\" \/>\n<meta property=\"og:locale\" content=\"en_US\" \/>\n<meta property=\"og:type\" content=\"article\" \/>\n<meta property=\"og:title\" content=\"Om oss | Makel\u00f8se Merkeslia Hyttefelt i Valdres\" \/>\n<meta property=\"og:description\" content=\"Her finner du veien til Merkeslia, informasjon om oss bak hyttefeltet, og kontaktinformasjon.\" \/>\n<meta property=\"og:url\" content=\"https:\/\/www.merkeslia.no\/index.php\/om-oss\/\" \/>\n<meta property=\"og:site_name\" content=\"Merkeslia\" \/>\n<meta property=\"article:publisher\" content=\"https:\/\/www.facebook.com\/merkeslia\/\" \/>\n<meta property=\"article:modified_time\" content=\"2020-09-28T10:13:47+00:00\" \/>\n<meta name=\"twitter:card\" content=\"summary_large_image\" \/>\n<meta name=\"twitter:label1\" content=\"Est. reading time\" \/>\n\t<meta name=\"twitter:data1\" content=\"5 minutes\" \/>\n<script type=\"application\/ld+json\" class=\"yoast-schema-graph\">{\"@context\":\"https:\/\/schema.org\",\"@graph\":[{\"@type\":\"WebPage\",\"@id\":\"https:\/\/www.merkeslia.no\/index.php\/om-oss\/\",\"url\":\"https:\/\/www.merkeslia.no\/index.php\/om-oss\/\",\"name\":\"Om oss | Makel\u00f8se Merkeslia Hyttefelt i Valdres\",\"isPartOf\":{\"@id\":\"https:\/\/www.merkeslia.no\/#website\"},\"datePublished\":\"2018-07-03T12:06:09+00:00\",\"dateModified\":\"2020-09-28T10:13:47+00:00\",\"description\":\"Her finner du veien til Merkeslia, informasjon om oss bak hyttefeltet, og kontaktinformasjon.\",\"breadcrumb\":{\"@id\":\"https:\/\/www.merkeslia.no\/index.php\/om-oss\/#breadcrumb\"},\"inLanguage\":\"en-US\",\"potentialAction\":[{\"@type\":\"ReadAction\",\"target\":[\"https:\/\/www.merkeslia.no\/index.php\/om-oss\/\"]}]},{\"@type\":\"BreadcrumbList\",\"@id\":\"https:\/\/www.merkeslia.no\/index.php\/om-oss\/#breadcrumb\",\"itemListElement\":[{\"@type\":\"ListItem\",\"position\":1,\"name\":\"Home\",\"item\":\"https:\/\/www.merkeslia.no\/\"},{\"@type\":\"ListItem\",\"position\":2,\"name\":\"Om oss\"}]},{\"@type\":\"WebSite\",\"@id\":\"https:\/\/www.merkeslia.no\/#website\",\"url\":\"https:\/\/www.merkeslia.no\/\",\"name\":\"Merkeslia\",\"description\":\"Makel\u00f8se Merkeslia\",\"potentialAction\":[{\"@type\":\"SearchAction\",\"target\":{\"@type\":\"EntryPoint\",\"urlTemplate\":\"https:\/\/www.merkeslia.no\/?s={search_term_string}\"},\"query-input\":{\"@type\":\"PropertyValueSpecification\",\"valueRequired\":true,\"valueName\":\"search_term_string\"}}],\"inLanguage\":\"en-US\"}]}<\/script>\n<!-- \/ Yoast SEO plugin. -->","yoast_head_json":{"title":"Om oss | Makel\u00f8se Merkeslia Hyttefelt i Valdres","description":"Her finner du veien til Merkeslia, informasjon om oss bak hyttefeltet, og kontaktinformasjon.","robots":{"index":"index","follow":"follow","max-snippet":"max-snippet:-1","max-image-preview":"max-image-preview:large","max-video-preview":"max-video-preview:-1"},"canonical":"https:\/\/www.merkeslia.no\/index.php\/om-oss\/","og_locale":"en_US","og_type":"article","og_title":"Om oss | Makel\u00f8se Merkeslia Hyttefelt i Valdres","og_description":"Her finner du veien til Merkeslia, informasjon om oss bak hyttefeltet, og kontaktinformasjon.","og_url":"https:\/\/www.merkeslia.no\/index.php\/om-oss\/","og_site_name":"Merkeslia","article_publisher":"https:\/\/www.facebook.com\/merkeslia\/","article_modified_time":"2020-09-28T10:13:47+00:00","twitter_card":"summary_large_image","twitter_misc":{"Est. reading time":"5 minutes"},"schema":{"@context":"https:\/\/schema.org","@graph":[{"@type":"WebPage","@id":"https:\/\/www.merkeslia.no\/index.php\/om-oss\/","url":"https:\/\/www.merkeslia.no\/index.php\/om-oss\/","name":"Om oss | Makel\u00f8se Merkeslia Hyttefelt i Valdres","isPartOf":{"@id":"https:\/\/www.merkeslia.no\/#website"},"datePublished":"2018-07-03T12:06:09+00:00","dateModified":"2020-09-28T10:13:47+00:00","description":"Her finner du veien til Merkeslia, informasjon om oss bak hyttefeltet, og kontaktinformasjon.","breadcrumb":{"@id":"https:\/\/www.merkeslia.no\/index.php\/om-oss\/#breadcrumb"},"inLanguage":"en-US","potentialAction":[{"@type":"ReadAction","target":["https:\/\/www.merkeslia.no\/index.php\/om-oss\/"]}]},{"@type":"BreadcrumbList","@id":"https:\/\/www.merkeslia.no\/index.php\/om-oss\/#breadcrumb","itemListElement":[{"@type":"ListItem","position":1,"name":"Home","item":"https:\/\/www.merkeslia.no\/"},{"@type":"ListItem","position":2,"name":"Om oss"}]},{"@type":"WebSite","@id":"https:\/\/www.merkeslia.no\/#website","url":"https:\/\/www.merkeslia.no\/","name":"Merkeslia","description":"Makel\u00f8se Merkeslia","potentialAction":[{"@type":"SearchAction","target":{"@type":"EntryPoint","urlTemplate":"https:\/\/www.merkeslia.no\/?s={search_term_string}"},"query-input":{"@type":"PropertyValueSpecification","valueRequired":true,"valueName":"search_term_string"}}],"inLanguage":"en-US"}]}},"_links":{"self":[{"href":"https:\/\/www.merkeslia.no\/index.php\/wp-json\/wp\/v2\/pages\/107","targetHints":{"allow":["GET"]}}],"collection":[{"href":"https:\/\/www.merkeslia.no\/index.php\/wp-json\/wp\/v2\/pages"}],"about":[{"href":"https:\/\/www.merkeslia.no\/index.php\/wp-json\/wp\/v2\/types\/page"}],"author":[{"embeddable":true,"href":"https:\/\/www.merkeslia.no\/index.php\/wp-json\/wp\/v2\/users\/1"}],"replies":[{"embeddable":true,"href":"https:\/\/www.merkeslia.no\/index.php\/wp-json\/wp\/v2\/comments?post=107"}],"version-history":[{"count":97,"href":"https:\/\/www.merkeslia.no\/index.php\/wp-json\/wp\/v2\/pages\/107\/revisions"}],"predecessor-version":[{"id":1486,"href":"https:\/\/www.merkeslia.no\/index.php\/wp-json\/wp\/v2\/pages\/107\/revisions\/1486"}],"wp:attachment":[{"href":"https:\/\/www.merkeslia.no\/index.php\/wp-json\/wp\/v2\/media?parent=107"}],"curies":[{"name":"wp","href":"https:\/\/api.w.org\/{rel}","templated":true}]}}